{"id":3,"date":"2019-02-04T17:16:44","date_gmt":"2019-02-04T17:16:44","guid":{"rendered":"http:\/\/frali.bplaced.net\/kunfarejo\/?page_id=3"},"modified":"2023-10-08T17:32:59","modified_gmt":"2023-10-08T15:32:59","slug":"privateca-politiko","status":"publish","type":"page","link":"https:\/\/kunfarejo.org\/?page_id=3","title":{"rendered":"Privateca politiko"},"content":{"rendered":"\n<h4 class=\"wp-block-heading\">Kiuj ni estas<\/h4>\n\n\n\n<p>La adreso de nia retejo estas: <a href=\"https:\/\/kunfarejo.org\">kunfarejo.org<\/a>.<\/p>\n\n\n\n<h4 class=\"wp-block-heading\">Kiujn personajn informojn ni kolektas kaj kial ni kolektas ilin<\/h4>\n\n\n\n<h4 class=\"wp-block-heading\">Komentoj<\/h4>\n\n\n\n<p>Je laso de komento fare de vizitanto al la retejo, ni kolektas la informojn en la komenta formularo kaj anka\u016d la IP-adreson de la vizitanto kaj linion pri la retumilo uzita por helpi malkovri truda\u0135ojn.<\/p>\n\n\n\n<p>Sennomigita teksto kreita de via retpo\u015dtadreso (anka\u016d nomita haketa\u0135o) eble estas donita al la servo Gravatar por vidi \u0109u vi uzas tiun servon. La privateca politiko de Gravatar estas tie: https:\/\/automattic.com\/privacy\/. Post aprobo de via komento, via profilbildo estas videbla al la publiko kuntekste de via komento.<\/p>\n\n\n\n<h4 class=\"wp-block-heading\">A\u016ddovida\u0135oj<\/h4>\n\n\n\n<p>Se vi al\u015dutas bildojn al la retejo, vi devus eviti al\u015duton de bildoj kun inkluzivitaj datumoj pri loko, EXIF GPS. Vizitantoj al la retejo povas el\u015duti kaj elpreni el bildo en la retejo informojn pri loko.<\/p>\n\n\n\n<h4 class=\"wp-block-heading\">Kuketoj<\/h4>\n\n\n\n<p>Se vi lasas komenton \u0109e nia retejo, vi rajtas permesi nin konservi viajn nomon, retpo\u015dtadreson kaj retejon en kuketoj. Tiuj estas helpaj al vi, \u0109ar vi ne denove devos enigi detalojn pri vi je laso de plia komento. Tiaj kuketoj da\u016dras jaron.<\/p>\n\n\n\n<p>Se vi havas konton kaj ensalutas al tiu \u0109i retejo, ni starigas provizoran kuketon por vidi \u0109u via retumilo akceptas kuketojn. Tia kuketo enhavas neniun personan informon kaj estas forvi\u015dita je fermo de via retumilo.<\/p>\n\n\n\n<p>Je ensaluto, ni starigas kelkajn kuketojn por konservi viajn ensalutajn informojn kaj viajn elektojn pri montrado sur ekrano. Ensalutaj kuketoj da\u016dras du tagojn kaj kuketoj pri ekranaj elektoj da\u016dras jaron. Se vi elektas &#8220;Memoru min&#8221;, via ensaluto da\u016dros du semajnojn. Se vi elsalutas el via konto, la ensalutaj kuketoj estos forvi\u015ditaj.<\/p>\n\n\n\n<p>Se vi redaktas a\u016d publikigas artikolon, aldona kuketo estas konservita en via retumilo. Tiu kuketo inkluzivas neniun personan informon kaj nur indikas la ID-on de la artikolo redaktita de vi. \u011ci eksvalidi\u011das post 1 tago.<\/p>\n\n\n\n<h4 class=\"wp-block-heading\">Enkorpigita enhavo el aliaj retejoj<\/h4>\n\n\n\n<p>Artikoloj \u0109e tiu \u0109i retejo eble inkluzivas enkorpigitan enhavon (t.e., filmojn, bildojn, artikolojn, k.t.p.). Enkorpigita enhavo el aliaj retejoj kondutas same kiel se vizitanto vizitus tiun alian retejon.<\/p>\n\n\n\n<p>Tiuj retejoj eble kolektas informojn pri vi, uzas kuketojn, enkorpigas aldonan spuradon fare de eksteraj liverantoj kaj observas viajn interagojn kun tiu enkorpigita enhavo, inkluzive de spurado de viaj interagoj kun la enkorpigita enhavo se vi havas konton kaj estas ensalutinta al tiu retejo.<\/p>\n\n\n\n<h4 class=\"wp-block-heading\">Analizo<\/h4>\n\n\n\n<h4 class=\"wp-block-heading\">Kun kiuj ni kundividas viajn informojn<\/h4>\n\n\n\n<h4 class=\"wp-block-heading\">Kiom longe ni tenas viajn informojn<\/h4>\n\n\n\n<p>Se\/kiam vi lasas komenton, la komento kaj metadatumoj pri la komento estas tenitaj da\u016dre. Tio estas por havi eblon rekoni kaj aprobi sekvajn komentojn a\u016dtomate prefere ol devi teni ilin en kontrola vico.<\/p>\n\n\n\n<p>Por registritaj uzantoj de nia retejo (se iuj ajn), ni anka\u016d tenas la personajn informojn donitaj en profiloj de uzantoj. \u0108iu uzanto povas vidi, redakti a\u016d forvi\u015di siajn personajn informojn la\u016dpla\u0109e (escepte uzantnomon). Retejaj administrantoj povas anka\u016d vidi kaj redakti tiujn informojn.<\/p>\n\n\n\n<h4 class=\"wp-block-heading\">Kiujn rajtojn vi havas rilate viajn informojn<\/h4>\n\n\n\n<p>Se vi havas konton a\u016d vi lasis komentojn \u0109e tiu \u0109i retejo, vi rajtas peti ricevi eksportan dosieron kun la personaj informoj pri vi tenitaj de ni, inkluzive de informoj donitaj de vi. Anka\u016d, vi rajtas peti, ke ni forvi\u015du \u0109iujn personajn informojn pri vi tenitajn de ni. Tio ne inkluzivas informojn kiujn ni devas teni por administraj, juraj a\u016d sekurecaj celoj.<\/p>\n\n\n\n<h4 class=\"wp-block-heading\">Al kie ni sendas viajn informojn<\/h4>\n\n\n\n<p>Komentoj de vizitantoj povas esti kontrolitaj per servo a\u016dtomate trovanta truda\u0135ojn.<\/p>\n","protected":false},"excerpt":{"rendered":"<p>Kiuj ni estas La adreso de nia retejo estas: kunfarejo.org. Kiujn personajn informojn ni kolektas kaj kial ni kolektas ilin Komentoj Je laso de komento fare de vizitanto al la retejo, ni kolektas la informojn en la komenta formularo kaj anka\u016d la IP-adreson de la vizitanto kaj linion pri la retumilo uzita por helpi malkovri &hellip; <\/p>\n<p class=\"link-more\"><a href=\"https:\/\/kunfarejo.org\/?page_id=3\" class=\"more-link\">Da\u016drigi legadon<span class=\"screen-reader-text\"> &#8220;Privateca politiko&#8221;<\/span><\/a><\/p>\n","protected":false},"author":1,"featured_media":0,"parent":0,"menu_order":0,"comment_status":"closed","ping_status":"open","template":"","meta":{"footnotes":""},"class_list":["post-3","page","type-page","status-publish","hentry","entry"],"_links":{"self":[{"href":"https:\/\/kunfarejo.org\/index.php?rest_route=\/wp\/v2\/pages\/3","targetHints":{"allow":["GET"]}}],"collection":[{"href":"https:\/\/kunfarejo.org\/index.php?rest_route=\/wp\/v2\/pages"}],"about":[{"href":"https:\/\/kunfarejo.org\/index.php?rest_route=\/wp\/v2\/types\/page"}],"author":[{"embeddable":true,"href":"https:\/\/kunfarejo.org\/index.php?rest_route=\/wp\/v2\/users\/1"}],"replies":[{"embeddable":true,"href":"https:\/\/kunfarejo.org\/index.php?rest_route=%2Fwp%2Fv2%2Fcomments&post=3"}],"version-history":[{"count":13,"href":"https:\/\/kunfarejo.org\/index.php?rest_route=\/wp\/v2\/pages\/3\/revisions"}],"predecessor-version":[{"id":5425,"href":"https:\/\/kunfarejo.org\/index.php?rest_route=\/wp\/v2\/pages\/3\/revisions\/5425"}],"wp:attachment":[{"href":"https:\/\/kunfarejo.org\/index.php?rest_route=%2Fwp%2Fv2%2Fmedia&parent=3"}],"curies":[{"name":"wp","href":"https:\/\/api.w.org\/{rel}","templated":true}]}}